{"id":12,"date":"2023-08-09T23:27:15","date_gmt":"2023-08-09T21:27:15","guid":{"rendered":"https:\/\/s5.kaniecki.net\/?page_id=12"},"modified":"2023-09-24T16:08:35","modified_gmt":"2023-09-24T14:08:35","slug":"formularz-rezerwacyjny","status":"publish","type":"page","link":"https:\/\/centrum-songo.pl\/index.php\/hotel\/formularz-rezerwacyjny\/","title":{"rendered":"Formularz rezerwacyjny"},"content":{"rendered":"<section class=\"section-content p-0\" style=\" \">\r\n\t\t\t\t<div class=\"container\">\r\n\t\t\t\t\t<div class=\"wow \" data-wow-duration=\"3s\">\r\n\t\t\t\t\t\t<div class=\"section_head\">\r\n\t\t\t\r\n\t\t\t<h2 class=\"section_title\"><span>REZERWACJA MIEJSCA HOTELOWEGO DLA PSA<\/span><\/h2>\r\n\t\t\t<p><\/p>\r\n\t\t<\/div><!-- section head -->\t\t\t\t\t\t\r\n\t\t\t\t\t\t<p><\/p>\n\r\n\t\t\t\t\t<\/div><!-- animation class -->\r\n\t\t\t\t<\/div><!-- container class -->\t\t\t\t\t\t\t\t\r\n\t\t\t<\/section><!-- section -->\n<div class=\"one_half Add extra class\"><div class=\"wpcf7 no-js\" id=\"wpcf7-f58-o1\" lang=\"pl-PL\" dir=\"ltr\" data-wpcf7-id=\"58\">\n<div class=\"screen-reader-response\">\n<p role=\"status\" aria-live=\"polite\" aria-atomic=\"true\">\n<ul><\/ul>\n<\/div>\n<form action=\"\/index.php\/wp-json\/wp\/v2\/pages\/12#wpcf7-f58-o1\" method=\"post\" class=\"wpcf7-form init\" aria-label=\"Formularz kontaktowy\" novalidate=\"novalidate\" data-status=\"init\">\n<fieldset class=\"hidden-fields-container\"><input type=\"hidden\" name=\"_wpcf7\" value=\"58\" \/><input type=\"hidden\" name=\"_wpcf7_version\" value=\"6.1.5\" \/><input type=\"hidden\" name=\"_wpcf7_locale\" value=\"pl_PL\" \/><input type=\"hidden\" name=\"_wpcf7_unit_tag\" value=\"wpcf7-f58-o1\" \/><input type=\"hidden\" name=\"_wpcf7_container_post\" value=\"0\" \/><input type=\"hidden\" name=\"_wpcf7_posted_data_hash\" value=\"\" \/><br \/>\n<\/fieldset>\n<p><label> Imi\u0119 psa<br \/>\n<span class=\"wpcf7-form-control-wrap\" data-name=\"imie-psa\"><input size=\"40\" maxlength=\"400\" class=\"wpcf7-form-control wpcf7-text wpcf7-validates-as-required\" autocomplete=\"name\" aria-required=\"true\" aria-invalid=\"false\" value=\"\" type=\"text\" name=\"imie-psa\" \/><\/span> <\/label>\n<\/p>\n<p><label> Rasa<br \/>\n<span class=\"wpcf7-form-control-wrap\" data-name=\"rasa\"><input size=\"40\" maxlength=\"400\" class=\"wpcf7-form-control wpcf7-text wpcf7-validates-as-required\" autocomplete=\"name\" aria-required=\"true\" aria-invalid=\"false\" value=\"\" type=\"text\" name=\"rasa\" \/><\/span> <\/label>\n<\/p>\n<p><label> P\u0142e\u0107<br \/>\n<span class=\"wpcf7-form-control-wrap\" data-name=\"plec\"><input size=\"40\" maxlength=\"400\" class=\"wpcf7-form-control wpcf7-text wpcf7-validates-as-required\" aria-required=\"true\" aria-invalid=\"false\" value=\"\" type=\"text\" name=\"plec\" \/><\/span> <\/label>\n<\/p>\n<p><label> Wiek<br \/>\n<span class=\"wpcf7-form-control-wrap\" data-name=\"wiek\"><input size=\"40\" maxlength=\"400\" class=\"wpcf7-form-control wpcf7-text wpcf7-validates-as-required\" aria-required=\"true\" aria-invalid=\"false\" value=\"\" type=\"text\" name=\"wiek\" \/><\/span> <\/label>\n<\/p>\n<p><label> Waga<br \/>\n<span class=\"wpcf7-form-control-wrap\" data-name=\"waga\"><input size=\"40\" maxlength=\"400\" class=\"wpcf7-form-control wpcf7-text wpcf7-validates-as-required\" aria-required=\"true\" aria-invalid=\"false\" value=\"\" type=\"text\" name=\"waga\" \/><\/span> <\/label>\n<\/p>\n<p><label> Imi\u0119 i nazwisko w\u0142a\u015bciciela psa<br \/>\n<span class=\"wpcf7-form-control-wrap\" data-name=\"imie-nazwisko\"><input size=\"40\" maxlength=\"400\" class=\"wpcf7-form-control wpcf7-text wpcf7-validates-as-required\" aria-required=\"true\" aria-invalid=\"false\" value=\"\" type=\"text\" name=\"imie-nazwisko\" \/><\/span> <\/label><br \/>\n<label> tel. kontaktowy<br \/>\n<span class=\"wpcf7-form-control-wrap\" data-name=\"telefon\"><input size=\"40\" maxlength=\"400\" class=\"wpcf7-form-control wpcf7-text wpcf7-validates-as-required\" aria-required=\"true\" aria-invalid=\"false\" value=\"\" type=\"text\" name=\"telefon\" \/><\/span> <\/label><br \/>\n<label> e-mail<br \/>\n<span class=\"wpcf7-form-control-wrap\" data-name=\"your-email\"><input size=\"40\" maxlength=\"400\" class=\"wpcf7-form-control wpcf7-email wpcf7-validates-as-required wpcf7-text wpcf7-validates-as-email\" autocomplete=\"email\" aria-required=\"true\" aria-invalid=\"false\" value=\"\" type=\"email\" name=\"your-email\" \/><\/span> <\/label><br \/>\n<label> adres zamieszkania<br \/>\n<span class=\"wpcf7-form-control-wrap\" data-name=\"adres\"><input size=\"40\" maxlength=\"400\" class=\"wpcf7-form-control wpcf7-text wpcf7-validates-as-required\" aria-required=\"true\" aria-invalid=\"false\" value=\"\" type=\"text\" name=\"adres\" \/><\/span> <\/label><br \/>\n<label> Rezerwacja hotelu od dnia<br \/>\n<span class=\"wpcf7-form-control-wrap\" data-name=\"od-dnia\"><input class=\"wpcf7-form-control wpcf7-date wpcf7-validates-as-required wpcf7-validates-as-date\" aria-required=\"true\" aria-invalid=\"false\" placeholder=\"\" value=\"\" type=\"date\" name=\"od-dnia\" \/><\/span> <\/label><br \/>\n<label> do dnia<br \/>\n<span class=\"wpcf7-form-control-wrap\" data-name=\"do-dnia\"><input class=\"wpcf7-form-control wpcf7-date wpcf7-validates-as-required wpcf7-validates-as-date\" aria-required=\"true\" aria-invalid=\"false\" placeholder=\"\" value=\"\" type=\"date\" name=\"do-dnia\" \/><\/span> <\/label><br \/>\n<label> ilo\u015b\u0107 dni<br \/>\n<span class=\"wpcf7-form-control-wrap\" data-name=\"sumaDni\"><input class=\"wpcf7-form-control wpcf7-number wpcf7-validates-as-number\" aria-invalid=\"false\" value=\"\" type=\"number\" name=\"sumaDni\" \/><\/span> <\/label>\n<\/p>\n<h3> Informacje dodatkowe:<br \/>\n<\/h3>\n<p><label> Ulubione zaj\u0119cia psa<br \/>\n<span class=\"wpcf7-form-control-wrap\" data-name=\"ulubioneZajecia\"><textarea cols=\"40\" rows=\"10\" maxlength=\"2000\" class=\"wpcf7-form-control wpcf7-textarea\" aria-invalid=\"false\" name=\"ulubioneZajecia\"><\/textarea><\/span> <\/label>\n<\/p>\n<p><label> Spos\u00f3b \u017cywienia psa (rodzaj i cz\u0119stotliwo\u015b\u0107 posi\u0142k\u00f3w)<br \/>\n<span class=\"wpcf7-form-control-wrap\" data-name=\"sposobZywienia\"><textarea cols=\"40\" rows=\"10\" maxlength=\"2000\" class=\"wpcf7-form-control wpcf7-textarea\" aria-invalid=\"false\" name=\"sposobZywienia\"><\/textarea><\/span> <\/label>\n<\/p>\n<p><label> Data ostatniego szczepienia przeciwko psim chorobom zaka\u017anym (nos\u00f3wka, parwowiroza, kaszel psi, koronawiroza itp.) i nazwa zastosowanej szczepionki<br \/>\n<span class=\"wpcf7-form-control-wrap\" data-name=\"dataSzczepienia\"><textarea cols=\"40\" rows=\"10\" maxlength=\"2000\" class=\"wpcf7-form-control wpcf7-textarea\" aria-invalid=\"false\" name=\"dataSzczepienia\"><\/textarea><\/span> <\/label>\n<\/p>\n<p><label> Data ostatniego odrobaczania i nazwa zastosowanego preparatu<br \/>\n<span class=\"wpcf7-form-control-wrap\" data-name=\"dataOdrobaczania\"><textarea cols=\"40\" rows=\"10\" maxlength=\"2000\" class=\"wpcf7-form-control wpcf7-textarea\" aria-invalid=\"false\" name=\"dataOdrobaczania\"><\/textarea><\/span> <\/label>\n<\/p>\n<p><label> Wymagania zdrowotne (leki, rehabilitacja)<br \/>\n<span class=\"wpcf7-form-control-wrap\" data-name=\"wymaganiaZdowotne\"><textarea cols=\"40\" rows=\"10\" maxlength=\"2000\" class=\"wpcf7-form-control wpcf7-textarea\" aria-invalid=\"false\" name=\"wymaganiaZdowotne\"><\/textarea><\/span> <\/label>\n<\/p>\n<p><label> Czego pies si\u0119 boi\/czego nie lubi?:<br \/>\n<span class=\"wpcf7-form-control-wrap\" data-name=\"czePiesSieBoiLubi\"><textarea cols=\"40\" rows=\"10\" maxlength=\"2000\" class=\"wpcf7-form-control wpcf7-textarea\" aria-invalid=\"false\" name=\"czePiesSieBoiLubi\"><\/textarea><\/span> <\/label>\n<\/p>\n<p><label> Jak Tw\u00f3j pupil jest nastawiony do innych ps\u00f3w?<br \/>\n<span class=\"wpcf7-form-control-wrap\" data-name=\"nastawieniePsadoInnychPsow\"><textarea cols=\"40\" rows=\"10\" maxlength=\"2000\" class=\"wpcf7-form-control wpcf7-textarea\" aria-invalid=\"false\" name=\"nastawieniePsadoInnychPsow\"><\/textarea><\/span> <\/label>\n<\/p>\n<p><label> Jak Tw\u00f3j pupil jest nastawiony do ludzi, kogo mo\u017ce nie lubi\u0107 lub ba\u0107 si\u0119?<br \/>\n<span class=\"wpcf7-form-control-wrap\" data-name=\"nastawieniePsaDoLudzi\"><textarea cols=\"40\" rows=\"10\" maxlength=\"2000\" class=\"wpcf7-form-control wpcf7-textarea\" aria-invalid=\"false\" name=\"nastawieniePsaDoLudzi\"><\/textarea><\/span> <\/label>\n<\/p>\n<p><label> Czy pies jest typem uciekiniera (przechodzi p\u0142oty, otwiera furtki, podkopuje si\u0119 itp.)?<br \/>\n<span class=\"wpcf7-form-control-wrap\" data-name=\"czyUciekinier\"><textarea cols=\"40\" rows=\"10\" maxlength=\"2000\" class=\"wpcf7-form-control wpcf7-textarea\" aria-invalid=\"false\" name=\"czyUciekinier\"><\/textarea><\/span> <\/label>\n<\/p>\n<p><span class=\"wpcf7-form-control-wrap\" data-name=\"zgoda\"><span class=\"wpcf7-form-control wpcf7-acceptance\"><span class=\"wpcf7-list-item\"><label><input type=\"checkbox\" name=\"zgoda\" value=\"1\" aria-invalid=\"false\" \/><span class=\"wpcf7-list-item-label\">Zgoda na przekazanie danych<\/span><\/label><\/span><\/span><\/span>\n<\/p>\n<p><input class=\"wpcf7-form-control wpcf7-submit has-spinner\" type=\"submit\" value=\"Wy\u015blij\" \/>\n<\/p>\n<div class=\"wpcf7-response-output\" aria-hidden=\"true\"><\/div>\n<\/form>\n<\/div>\n<p>\n<\/div><div class=\"one_half Add extra class last_column\"><\/p>\n<p>UWAGA !!! ZANIM DOKONASZ REZERWACJI, ZADZWO\u0143 I UPEWNIJ SI\u0118 CZY S\u0104 WOLNE MIEJSCA &#8211; tel. 601 303 745<\/p>\n<h3>UWAGA: Warunkiem przyj\u0119cia psa do hotelu jest przekazanie ksi\u0105\u017ceczki zdrowia z aktualnymi szczepieniami oraz zabezpieczenie psa przeciw kleszczom.<\/h3>\n<p>Informujemy, \u017ce:<\/p>\n<ol>\n<li>Administratorem danych wskazanych w zgodzie na przetwarzanie danych osobowych wyra\u017conej powy\u017cej<br \/>\njest Centrum Pracy z Psem &#8222;SONGO&#8221; z siedzib\u0105 przy ul. Stra\u017cackiej 7, w Taninie (kod pocztowy: 42-714 Lis\u00f3w),<br \/>\ntel.: 601 303 745,<br \/>\nadres e-mail: mirasongo@interia.pl<\/li>\n<li>Celem zbierania danych jest rezerwacja miejsca hotelowego dla psa<\/li>\n<li>Przys\u0142uguje Pani\/Panu prawo dost\u0119pu do tre\u015bci danych oraz ich sprostowania, usuni\u0119cia lub ograniczenia przetwarzania, a tak\u017ce prawo sprzeciwu, za\u017c\u0105dania zaprzestania przetwarzania i przenoszenia danych, jak r\u00f3wnie\u017c prawo do cofni\u0119cia zgody w dowolnym momencie oraz prawo do wniesienia skargi do organu nadzorczego \u2013 Prezes Urz\u0119du Ochrony Danych Osobowych.<\/li>\n<li>Podanie danych jest dobrowolne, lecz niezb\u0119dne do realizacji zam\u00f3wienia miejsca hotelowego dla psa.<br \/>\nW przypadku niepodania danych nie b\u0119dzie mo\u017cliwa realizacja zam\u00f3wienia.<\/li>\n<li>Dane udost\u0119pnione przez Pani\u0105\/Pana nie b\u0119d\u0105 podlega\u0142y udost\u0119pnieniu podmiotom trzecim. Odbiorcami<br \/>\ndanych b\u0119d\u0105 tylko instytucje upowa\u017cnione z mocy prawa.<\/li>\n<li>\u00a0Dane udost\u0119pnione przez Pani\u0105\/Pana nie b\u0119d\u0105 podlega\u0142y profilowaniu.<\/li>\n<li>Administrator danych nie ma zamiaru przekazywa\u0107 danych osobowych do pa\u0144stwa trzeciego lub organizacji<br \/>\nmi\u0119dzynarodowej.<\/li>\n<li>Dane osobowe b\u0119d\u0105 przechowywane przez okres 3 lat, licz\u0105c od pocz\u0105tku roku nast\u0119puj\u0105cego po roku, w kt\u00f3rym zosta\u0142a wyra\u017cona zgoda na przetwarzanie danych osobowych.<\/li>\n<\/ol>\n<p>\n<\/div><\/p>\n","protected":false},"excerpt":{"rendered":"","protected":false},"author":1,"featured_media":5593,"parent":11,"menu_order":0,"comment_status":"closed","ping_status":"closed","template":"page-templates\/template-full-width.php","meta":{"footnotes":""},"class_list":["post-12","page","type-page","status-publish","has-post-thumbnail","hentry"],"_links":{"self":[{"href":"https:\/\/centrum-songo.pl\/index.php\/wp-json\/wp\/v2\/pages\/12","targetHints":{"allow":["GET"]}}],"collection":[{"href":"https:\/\/centrum-songo.pl\/index.php\/wp-json\/wp\/v2\/pages"}],"about":[{"href":"https:\/\/centrum-songo.pl\/index.php\/wp-json\/wp\/v2\/types\/page"}],"author":[{"embeddable":true,"href":"https:\/\/centrum-songo.pl\/index.php\/wp-json\/wp\/v2\/users\/1"}],"replies":[{"embeddable":true,"href":"https:\/\/centrum-songo.pl\/index.php\/wp-json\/wp\/v2\/comments?post=12"}],"version-history":[{"count":22,"href":"https:\/\/centrum-songo.pl\/index.php\/wp-json\/wp\/v2\/pages\/12\/revisions"}],"predecessor-version":[{"id":225,"href":"https:\/\/centrum-songo.pl\/index.php\/wp-json\/wp\/v2\/pages\/12\/revisions\/225"}],"up":[{"embeddable":true,"href":"https:\/\/centrum-songo.pl\/index.php\/wp-json\/wp\/v2\/pages\/11"}],"wp:featuredmedia":[{"embeddable":true,"href":"https:\/\/centrum-songo.pl\/index.php\/wp-json\/wp\/v2\/media\/5593"}],"wp:attachment":[{"href":"https:\/\/centrum-songo.pl\/index.php\/wp-json\/wp\/v2\/media?parent=12"}],"curies":[{"name":"wp","href":"https:\/\/api.w.org\/{rel}","templated":true}]}}