{"id":5616,"date":"2023-09-26T00:09:38","date_gmt":"2023-09-25T22:09:38","guid":{"rendered":"https:\/\/songo.kaniecki.net\/?page_id=5616"},"modified":"2025-06-06T09:57:58","modified_gmt":"2025-06-06T07:57:58","slug":"polecane","status":"publish","type":"page","link":"https:\/\/centrum-songo.pl\/index.php\/polecane\/","title":{"rendered":"Polecane"},"content":{"rendered":"<div class=\"customtab\"><div class=\"accordion-box lapka\"id=\"hotele\">\n<h2>Hotele dla ps\u00f3w<\/h2>\n<div class=\"acc-content\">\n<p><div class=\"one_third \"><p><\/p>\n<div class=\"image-box\"><img decoding=\"async\" src=\"\/wp-content\/uploads\/2023\/09\/polecane_eszi.jpg\" alt=\"Hotel dla ps\u00f3w Eszi\"><\/p>\n<div class=\"image-box-content\">\n<div class=\"image-box-info\"><span><\/span><\/p>\n<h3><a href=\"https:\/\/www.eszi.pl\/\" target=\"polecane\">Hotel dla ps\u00f3w Eszi<\/a><\/h3>\n<\/div>\n<\/div>\n<\/div>\n<p><\/p>\n<\/div><div class=\"one_third \"><p><\/p>\n<div class=\"image-box\"><img decoding=\"async\" src=\"\/wp-content\/uploads\/2023\/11\/szeptun_640.jpg\" alt=\"Hotel Szeptun\"><\/p>\n<div class=\"image-box-content\">\n<div class=\"image-box-info\"><span><\/span><\/p>\n<h3><a href=\"https:\/\/wczasytwojegopsa.pl\/\" target=\"polecane\">Hotel Szeptun<\/a><\/h3>\n<\/div>\n<\/div>\n<\/div>\n<p><\/p>\n<\/div><div class=\"one_third  last_column\"><p><\/p>\n<\/div><br \/>\n<div class=\"clear\"><\/div><\/p>\n<\/div>\n<div class=\"clear\"><\/div>\n<\/div>\n<div class=\"accordion-box lapka\"id=\"hodowle\">\n<h2>Hodowle ps\u00f3w<\/h2>\n<div class=\"acc-content\">\n<p><div class=\"one_third \"><p><\/p>\n<div class=\"image-box\"><img decoding=\"async\" src=\"\/wp-content\/uploads\/2023\/09\/polecane_eskimoskiDomek.jpg\" alt=\"Eskimoski domek\"><\/p>\n<div class=\"image-box-content\">\n<div class=\"image-box-info\"><span><\/span><\/p>\n<h3><a href=\"https:\/\/www.facebook.com\/teresa.radomska.5\" target=\"polecane\">Eskimoski domek<\/a><\/h3>\n<\/div>\n<\/div>\n<\/div>\n<p><\/p>\n<\/div><div class=\"one_third \"><p><\/p>\n<div class=\"image-box\"><img decoding=\"async\" src=\"\/wp-content\/uploads\/2023\/09\/polecane_negraForce.jpg\" alt=\"Negra force\"><\/p>\n<div class=\"image-box-content\">\n<div class=\"image-box-info\"><span><\/span><\/p>\n<h3><a href=\"https:\/\/www.facebook.com\/profile.php?id=100063274056003\" target=\"polecane\">Negra force<\/a><\/h3>\n<\/div>\n<\/div>\n<\/div>\n<p><\/p>\n<\/div><div class=\"one_third  last_column\"><p><\/p>\n<div class=\"image-box\"><img decoding=\"async\" src=\"\/wp-content\/uploads\/2023\/09\/polecane_napor.jpg\" alt=\"Nap\u00f3r\"><\/p>\n<div class=\"image-box-content\">\n<div class=\"image-box-info\"><span><\/span><\/p>\n<h3><a href=\"https:\/\/www.napor.pl\/\" target=\"polecane\">Nap\u00f3r<\/a><\/h3>\n<\/div>\n<\/div>\n<\/div>\n<p><\/p>\n<\/div><br \/>\n<div class=\"clear\"><\/div><\/p>\n<p><div class=\"one_third \"><p><\/p>\n<div class=\"image-box\"><img decoding=\"async\" src=\"\/wp-content\/uploads\/2023\/09\/polecane_zZegleckiegoPodlasu.jpg\" alt=\"Z \u017begleckiego Podlasu\"><\/p>\n<div class=\"image-box-content\">\n<div class=\"image-box-info\"><span><\/span><\/p>\n<h3><a href=\"https:\/\/www.facebook.com\/HodowlaPsowZZegleckiegoPodlasu\" target=\"polecane\">Z \u017begleckiego Podlasu<\/a><\/h3>\n<\/div>\n<\/div>\n<\/div>\n<p><\/p>\n<\/div><div class=\"one_third \"><p><\/p>\n<div class=\"image-box\"><img decoding=\"async\" src=\"\/wp-content\/uploads\/2023\/09\/polecane_maiPhai.jpg\" alt=\"Mai Phai\"><\/p>\n<div class=\"image-box-content\">\n<div class=\"image-box-info\"><span><\/span><\/p>\n<h3><a href=\"https:\/\/www.facebook.com\/klonekkrzysztof\" target=\"polecane\">Mai Phai<\/a><\/h3>\n<\/div>\n<\/div>\n<\/div>\n<p><\/p>\n<\/div><div class=\"one_third  last_column\"><p><\/p>\n<div class=\"image-box\"><img decoding=\"async\" src=\"\/wp-content\/uploads\/2024\/05\/emerald_dust.jpg\" alt=\"Emerald Dust FCI\"><\/p>\n<div class=\"image-box-content\">\n<div class=\"image-box-info\"><span><\/span><\/p>\n<h3><a href=\"https:\/\/www.facebook.com\/emeralddustfci\" target=\"polecane\">Emerald Dust FCI<\/a><\/h3>\n<\/div>\n<\/div>\n<\/div>\n<p><\/p>\n<\/div><br \/>\n<div class=\"clear\"><\/div><\/p>\n<p><div class=\"one_third \"><p><\/p>\n<div class=\"image-box\"><img decoding=\"async\" src=\"\/wp-content\/uploads\/2024\/08\/zbratkowej_500x500.jpg\" alt=\"Z bratkowej\"><\/p>\n<div class=\"image-box-content\">\n<div class=\"image-box-info\"><span><\/span><\/p>\n<h3><a href=\"https:\/\/zbratkowej.pl\/\" target=\"polecane\">Z bratkowej<\/a><\/h3>\n<\/div>\n<\/div>\n<\/div>\n<p><\/p>\n<\/div><div class=\"one_third \"><p><\/p>\n<\/div><div class=\"one_third  last_column\"><p><\/p>\n<\/div><br \/>\n<div class=\"clear\"><\/div><\/p>\n<\/div>\n<div class=\"clear\"><\/div>\n<\/div>\n<div class=\"accordion-box lapka\"id=\"fundacje\">\n<h2>Fundacje adopcyjne<\/h2>\n<div class=\"acc-content\">\n<p><div class=\"one_third \"><p><\/p>\n<div class=\"image-box\"><img decoding=\"async\" src=\"\/wp-content\/uploads\/2023\/09\/polecane_psiaDusza.jpg\" alt=\"Psia dusza\"><\/p>\n<div class=\"image-box-content\">\n<div class=\"image-box-info\"><span><\/span><\/p>\n<h3><a href=\"https:\/\/www.facebook.com\/PsiaDuszka\" target=\"polecane\">Psia dusza<\/a><\/h3>\n<\/div>\n<\/div>\n<\/div>\n<p><\/p>\n<\/div><div class=\"one_third \"><p><\/p>\n<div class=\"image-box\"><img decoding=\"async\" src=\"\/wp-content\/uploads\/2023\/09\/polecane_otozLubliniec.jpg\" alt=\"Otoz Lubliniec\"><\/p>\n<div class=\"image-box-content\">\n<div class=\"image-box-info\"><span><\/span><\/p>\n<h3><a href=\"https:\/\/www.facebook.com\/OTOZLubliniec\" target=\"polecane\">Otoz Lubliniec<\/a><\/h3>\n<\/div>\n<\/div>\n<\/div>\n<p><\/p>\n<\/div><div class=\"one_third  last_column\"><p><\/p>\n<div class=\"image-box\"><img decoding=\"async\" src=\"\/wp-content\/uploads\/2023\/09\/polecane_fundacjaAst.jpg\" alt=\"Fundacja AST\"><\/p>\n<div class=\"image-box-content\">\n<div class=\"image-box-info\"><span><\/span><\/p>\n<h3><a href=\"https:\/\/www.fundacja-ast.pl\/\" target=\"polecane\">Fundacja AST<\/a><\/h3>\n<\/div>\n<\/div>\n<\/div>\n<p><\/p>\n<\/div><br \/>\n<div class=\"clear\"><\/div><\/p>\n<p><div class=\"one_third \"><p><\/p>\n<div class=\"image-box\"><img decoding=\"async\" src=\"\/wp-content\/uploads\/2023\/09\/polecane_akity.jpg\" alt=\"Akity\"><\/p>\n<div class=\"image-box-content\">\n<div class=\"image-box-info\"><span><\/span><\/p>\n<h3><a href=\"https:\/\/akity.pl\/\" target=\"polecane\">Akity<\/a><\/h3>\n<\/div>\n<\/div>\n<\/div>\n<p><\/p>\n<\/div><div class=\"one_third \"><p><\/p>\n<\/div><div class=\"one_third  last_column\"><p><\/p>\n<\/div><br \/>\n<div class=\"clear\"><\/div><\/p>\n<\/div>\n<div class=\"clear\"><\/div>\n<\/div>\n<div class=\"accordion-box lapka\"id=\"weterynaria\">\n<h2>Weterynaria i rehabilitacja<\/h2>\n<div class=\"acc-content\">\n<p><div class=\"one_third \"><p><\/p>\n<div class=\"image-box\"><img decoding=\"async\" src=\"\/wp-content\/uploads\/2023\/09\/polecane_globalWet.jpg\" alt=\"Global Wet\"><\/p>\n<div class=\"image-box-content\">\n<div class=\"image-box-info\"><span><\/span><\/p>\n<h3><a href=\"https:\/\/www.wet-lubliniec.pl\/\" target=\"polecane\">Global Wet<\/a><\/h3>\n<\/div>\n<\/div>\n<\/div>\n<p><\/p>\n<\/div><div class=\"one_third \"><p><\/p>\n<div class=\"image-box\"><img decoding=\"async\" src=\"\/wp-content\/uploads\/2023\/09\/polecane_trivet.jpg\" alt=\"Trivet\"><\/p>\n<div class=\"image-box-content\">\n<div class=\"image-box-info\"><span><\/span><\/p>\n<h3><a href=\"http:\/\/trivet.pl\/\" target=\"polecane\">Trivet<\/a><\/h3>\n<\/div>\n<\/div>\n<\/div>\n<p><\/p>\n<\/div><div class=\"one_third  last_column\"><p><\/p>\n<div class=\"image-box\"><img decoding=\"async\" src=\"\/wp-content\/uploads\/2023\/09\/polecane_fizjoterapia.jpg\" alt=\"Fizjoterapia\"><\/p>\n<div class=\"image-box-content\">\n<div class=\"image-box-info\"><span><\/span><\/p>\n<h3><a href=\"https:\/\/www.facebook.com\/profile.php?id=100063533232502\" target=\"polecane\">Fizjoterapia<\/a><\/h3>\n<\/div>\n<\/div>\n<\/div>\n<p><\/p>\n<\/div><\/p>\n<p><div class=\"one_third \"><p><\/p>\n<div class=\"image-box\"><img decoding=\"async\" src=\"\/wp-content\/uploads\/2025\/06\/polecane_lapka_w_gore.jpg\" alt=\"\u0141apka w g\u00f3r\u0119\"><\/p>\n<div class=\"image-box-content\">\n<div class=\"image-box-info\"><span><\/span><\/p>\n<h3><a href=\"https:\/\/www.facebook.com\/people\/%C5%81apka-w-g%C3%B3r%C4%99-Rehabilitacja-zwierz%C4%85t-i-dogoterapia\/100088308921007\/\" target=\"polecane\">\u0141apka w g\u00f3r\u0119<\/a><\/h3>\n<\/div>\n<\/div>\n<\/div>\n<p><\/p>\n<\/div><div class=\"one_third \"><p><\/p>\n<\/div><div class=\"one_third  last_column\"><p><\/p>\n<\/div><br \/>\n<div class=\"clear\"><\/div><\/p>\n<div class=\"clear\"><\/div>\n<\/div>\n<div class=\"clear\"><\/div>\n<\/div>\n<div class=\"accordion-box lapka\"id=\"szkoly\">\n<h2>Szko\u0142y dla ps\u00f3w<\/h2>\n<div class=\"acc-content\">\n<p><div class=\"one_third \"><p><\/p>\n<div class=\"image-box\"><img decoding=\"async\" src=\"\/wp-content\/uploads\/2023\/09\/polecane_spartakus.jpg\" alt=\"Spartakus\"><\/p>\n<div class=\"image-box-content\">\n<div class=\"image-box-info\"><span><\/span><\/p>\n<h3><a href=\"https:\/\/www.facebook.com\/szkoleniepsowspartakus\" target=\"polecane\">Spartakus<\/a><\/h3>\n<\/div>\n<\/div>\n<\/div>\n<p><\/p>\n<\/div><div class=\"one_third \"><p><\/p>\n<div class=\"image-box\"><img decoding=\"async\" src=\"\/wp-content\/uploads\/2023\/09\/polecane_psikurs.jpg\" alt=\"Psi kurs\"><\/p>\n<div class=\"image-box-content\">\n<div class=\"image-box-info\"><span><\/span><\/p>\n<h3><a href=\"https:\/\/www.facebook.com\/PSIKUrS\" target=\"polecane\">Psi kurs<\/a><\/h3>\n<\/div>\n<\/div>\n<\/div>\n<p><\/p>\n<\/div><div class=\"one_third  last_column\"><p><\/p>\n<div class=\"image-box\"><img decoding=\"async\" src=\"\/wp-content\/uploads\/2024\/05\/sniffers.jpg\" alt=\"The sniffers Cz\u0119stochowa\"><\/p>\n<div class=\"image-box-content\">\n<div class=\"image-box-info\"><span><\/span><\/p>\n<h3><a href=\"https:\/\/www.facebook.com\/thesniffersczewa\" target=\"polecane\">The sniffers Cz\u0119stochowa<\/a><\/h3>\n<\/div>\n<\/div>\n<\/div>\n<p><\/p>\n<\/div><br \/>\n<div class=\"clear\"><\/div><\/p>\n<p><div class=\"one_third \"><p><\/p>\n<div class=\"image-box\"><img decoding=\"async\" src=\"\/wp-content\/uploads\/2024\/05\/kaja_szkolenie.jpg\" alt=\"Szkolenie ps\u00f3w - Kaja Chudalewska\"><\/p>\n<div class=\"image-box-content\">\n<div class=\"image-box-info\"><span><\/span><\/p>\n<h3><a href=\"https:\/\/www.facebook.com\/kajachudalewskaszkolenie\" target=\"polecane\">Szkolenie ps\u00f3w &#8211; Kaja Chudalewska<\/a><\/h3>\n<\/div>\n<\/div>\n<\/div>\n<p><\/p>\n<\/div><div class=\"one_third \"><p><\/p>\n<div class=\"image-box\"><img decoding=\"async\" src=\"\/wp-content\/uploads\/2024\/05\/amores_perros.jpg\" alt=\"Szkola Wsp\u00f3\u0142pracy z Psem Amores Perros\"><\/p>\n<div class=\"image-box-content\">\n<div class=\"image-box-info\"><span><\/span><\/p>\n<h3><a href=\"https:\/\/www.facebook.com\/profile.php?id=100057334875450\" target=\"polecane\">Szkola Wsp\u00f3\u0142pracy z Psem Amores Perros<\/a><\/h3>\n<\/div>\n<\/div>\n<\/div>\n<p><\/p>\n<\/div><div class=\"one_third  last_column\"><p><\/p>\n<div class=\"image-box\"><img decoding=\"async\" src=\"\/wp-content\/uploads\/2025\/06\/polecane_spod_wiecznego_drzewa01.jpg\" alt=\"spod Wiecznego Drzewa\"><\/p>\n<div class=\"image-box-content\">\n<div class=\"image-box-info\"><span><\/span><\/p>\n<h3><a href=\"http:\/\/hodowlawyzla.nstrefa.pl\" target=\"polecane\">spod Wiecznego Drzewa<\/a><\/h3>\n<\/div>\n<\/div>\n<\/div>\n<p><\/p>\n<\/div><br \/>\n<div class=\"clear\"><\/div><\/p>\n<\/div>\n<div class=\"clear\"><\/div>\n<\/div>\n<div class=\"accordion-box lapka\"id=\"jedzenie\">\n<h2>Psie jedzenie<\/h2>\n<div class=\"acc-content\">\n<p><div class=\"one_third \"><p><\/p>\n<div class=\"image-box\"><img decoding=\"async\" src=\"\/wp-content\/uploads\/2023\/09\/polecane_delikan.jpg\" alt=\"Delikan\"><\/p>\n<div class=\"image-box-content\">\n<div class=\"image-box-info\"><span><\/span><\/p>\n<h3><a href=\"https:\/\/www.delikanpolska.pl\" target=\"polecane\">Delikan<\/a><\/h3>\n<\/div>\n<\/div>\n<\/div>\n<p><\/p>\n<\/div><div class=\"one_third \"><p><\/p>\n<div class=\"image-box\"><img decoding=\"async\" src=\"\/wp-content\/uploads\/2023\/09\/polecane_happyDog.jpg\" alt=\"Happy dog\"><\/p>\n<div class=\"image-box-content\">\n<div class=\"image-box-info\"><span><\/span><\/p>\n<h3><a href=\"https:\/\/www.facebook.com\/roman.sobczak.71\" target=\"polecane\">Happy dog<\/a><\/h3>\n<\/div>\n<\/div>\n<\/div>\n<p><\/p>\n<\/div><div class=\"one_third  last_column\"><p><\/p>\n<\/div><br \/>\n<div class=\"clear\"><\/div><\/p>\n<\/div>\n<div class=\"clear\"><\/div>\n<\/div>\n<div class=\"clear\"><\/div><\/div>\n","protected":false},"excerpt":{"rendered":"","protected":false},"author":1,"featured_media":0,"parent":0,"menu_order":0,"comment_status":"closed","ping_status":"closed","template":"page-templates\/template-full-width.php","meta":{"footnotes":""},"class_list":["post-5616","page","type-page","status-publish","hentry"],"_links":{"self":[{"href":"https:\/\/centrum-songo.pl\/index.php\/wp-json\/wp\/v2\/pages\/5616","targetHints":{"allow":["GET"]}}],"collection":[{"href":"https:\/\/centrum-songo.pl\/index.php\/wp-json\/wp\/v2\/pages"}],"about":[{"href":"https:\/\/centrum-songo.pl\/index.php\/wp-json\/wp\/v2\/types\/page"}],"author":[{"embeddable":true,"href":"https:\/\/centrum-songo.pl\/index.php\/wp-json\/wp\/v2\/users\/1"}],"replies":[{"embeddable":true,"href":"https:\/\/centrum-songo.pl\/index.php\/wp-json\/wp\/v2\/comments?post=5616"}],"version-history":[{"count":40,"href":"https:\/\/centrum-songo.pl\/index.php\/wp-json\/wp\/v2\/pages\/5616\/revisions"}],"predecessor-version":[{"id":5989,"href":"https:\/\/centrum-songo.pl\/index.php\/wp-json\/wp\/v2\/pages\/5616\/revisions\/5989"}],"wp:attachment":[{"href":"https:\/\/centrum-songo.pl\/index.php\/wp-json\/wp\/v2\/media?parent=5616"}],"curies":[{"name":"wp","href":"https:\/\/api.w.org\/{rel}","templated":true}]}}